{"id":3612,"date":"2020-09-09T04:31:48","date_gmt":"2020-09-09T04:31:48","guid":{"rendered":"http:\/\/www.ccmedicals.com.ar\/shop\/about\/"},"modified":"2025-01-06T17:16:52","modified_gmt":"2025-01-06T20:16:52","slug":"about","status":"publish","type":"page","link":"https:\/\/www.ccmedicals.com.ar\/shop\/about\/","title":{"rendered":"Informaci\u00f3n del Producto"},"content":{"rendered":"\n<div class=\"wp-block-group alignfull has-ast-global-color-6-background-color has-background is-layout-flow wp-block-group-is-layout-flow\"><div class=\"wp-block-group__inner-container\">\n<div class=\"wp-block-cover is-light\" style=\"min-height:351px;aspect-ratio:unset;\"><span aria-hidden=\"true\" class=\"wp-block-cover__background has-background-dim-40 has-background-dim\"><\/span><img loading=\"lazy\" decoding=\"async\" width=\"1600\" height=\"1066\" class=\"wp-block-cover__image-background wp-image-4073\" alt=\"\" src=\"http:\/\/www.ccmedicals.com.ar\/shop\/wp-content\/uploads\/2022\/01\/187154.jpg\" data-object-fit=\"cover\" srcset=\"https:\/\/www.ccmedicals.com.ar\/shop\/wp-content\/uploads\/2022\/01\/187154.jpg 1600w, https:\/\/www.ccmedicals.com.ar\/shop\/wp-content\/uploads\/2022\/01\/187154-300x200.jpg 300w, https:\/\/www.ccmedicals.com.ar\/shop\/wp-content\/uploads\/2022\/01\/187154-1024x682.jpg 1024w, https:\/\/www.ccmedicals.com.ar\/shop\/wp-content\/uploads\/2022\/01\/187154-768x512.jpg 768w, https:\/\/www.ccmedicals.com.ar\/shop\/wp-content\/uploads\/2022\/01\/187154-1536x1023.jpg 1536w, https:\/\/www.ccmedicals.com.ar\/shop\/wp-content\/uploads\/2022\/01\/187154-600x400.jpg 600w\" sizes=\"auto, (max-width: 1600px) 100vw, 1600px\" \/><div class=\"wp-block-cover__inner-container is-layout-flow wp-block-cover-is-layout-flow\">\n<h1 class=\"wp-block-heading has-text-align-center has-ast-global-color-4-color has-text-color\"> Aceite de H\u00edgado de Bacalao<\/h1>\n<\/div><\/div>\n<\/div><\/div>\n\n\n\n<div class=\"wp-block-group alignfull has-white-background-color has-background is-layout-flow wp-block-group-is-layout-flow\"><div class=\"wp-block-group__inner-container\">\n<div class=\"wp-block-media-text alignwide has-media-on-the-right is-stacked-on-mobile is-vertically-aligned-center\"><div class=\"wp-block-media-text__content\">\n<h2 class=\"wp-block-heading\">Poderosa fuente de Omega 3 y vitaminas<\/h2>\n\n\n\n<p>Es un aceite natural rico en vitaminas A, D y E, que se extrae de los h\u00edgados frescos del bacalao, pescados en los mares fr\u00edos y profundos de Escandinavia, libre de metales pesados. El mejor y mas puro aceite de h\u00edgado de bacalao del mundo se produce en Islandia, pa\u00eds donde naci\u00f3 el laboratorio Lysi.<\/p>\n\n\n\n<p>Es una fuente rica en vitaminas y \u00e1cidos grasos Omega 3, que son imprescindibles para mantener la buena salud y reducir los s\u00edntomas de rigidez y dolores en las articulaciones provocados por enfermedades como artritis y artrosis. Tambi\u00e9n aporta beneficios sobre los huesos y los dientes, la vista, el colesterol y la circulaci\u00f3n.<\/p>\n\n\n\n<p>Ingestas peri\u00f3dicas de este aceite ayudan de manera notable&nbsp;a reducir el colesterol y los s\u00edntomas de dolor articular.<\/p>\n\n\n\n<p>Como tomarlo: 1 cucharada sopera, seguido de un vaso de leche, que ayudar\u00e1 a la emulsi\u00f3n y r\u00e1pida asimilaci\u00f3n del producto.<\/p>\n\n\n\n<p>Sabor: Lim\u00f3n.<\/p>\n\n\n\n<div class=\"wp-block-buttons is-layout-flex wp-block-buttons-is-layout-flex\">\n<div class=\"wp-block-button\"><a class=\"wp-block-button__link wp-element-button\" href=\"https:\/\/www.ccmedicals.com.ar\/shop\/producto\/aceite-de-higado-de-bacalao\/\">Comprar<\/a><\/div>\n<\/div>\n\n\n\n<p><br><\/p>\n<\/div><figure class=\"wp-block-media-text__media\"><img loading=\"lazy\" decoding=\"async\" width=\"600\" height=\"600\" src=\"http:\/\/www.ccmedicals.com.ar\/shop\/wp-content\/uploads\/2021\/11\/frasco.jpg\" alt=\"\" class=\"wp-image-4021 size-full\" srcset=\"https:\/\/www.ccmedicals.com.ar\/shop\/wp-content\/uploads\/2021\/11\/frasco.jpg 600w, https:\/\/www.ccmedicals.com.ar\/shop\/wp-content\/uploads\/2021\/11\/frasco-300x300.jpg 300w, https:\/\/www.ccmedicals.com.ar\/shop\/wp-content\/uploads\/2021\/11\/frasco-150x150.jpg 150w, https:\/\/www.ccmedicals.com.ar\/shop\/wp-content\/uploads\/2021\/11\/frasco-100x100.jpg 100w\" sizes=\"auto, (max-width: 600px) 100vw, 600px\" \/><\/figure><\/div>\n<\/div><\/div>\n\n\n\n<div class=\"wp-block-group alignfull has-ast-global-color-5-background-color has-background is-layout-flow wp-block-group-is-layout-flow\"><div class=\"wp-block-group__inner-container\">\n<div class=\"wp-block-columns are-vertically-aligned-center is-layout-flex wp-container-core-columns-is-layout-9d6595d7 wp-block-columns-is-layout-flex\">\n<div class=\"wp-block-column is-vertically-aligned-center is-layout-flow wp-block-column-is-layout-flow\">\n<h3 class=\"wp-block-heading has-white-color has-text-color\">Fuente de:<\/h3>\n<\/div>\n\n\n\n<div class=\"wp-block-column is-vertically-aligned-center is-layout-flow wp-block-column-is-layout-flow\">\n<h2 class=\"wp-block-heading has-text-align-center has-white-color has-text-color\">Omega-3<\/h2>\n<\/div>\n\n\n\n<div class=\"wp-block-column is-vertically-aligned-center is-layout-flow wp-block-column-is-layout-flow\">\n<h2 class=\"wp-block-heading has-text-align-center has-white-color has-text-color\">Vitamina A, E y D<\/h2>\n<\/div>\n\n\n\n<div class=\"wp-block-column is-vertically-aligned-center is-layout-flow wp-block-column-is-layout-flow\">\n<h2 class=\"wp-block-heading has-text-align-center has-white-color has-text-color\">Sabor Lim\u00f3n<\/h2>\n\n\n\n<p><\/p>\n<\/div>\n<\/div>\n<\/div><\/div>\n\n\n\n<div class=\"wp-block-group alignfull has-white-background-color has-background is-layout-flow wp-block-group-is-layout-flow\"><div class=\"wp-block-group__inner-container\">\n<div class=\"wp-block-media-text alignwide has-media-on-the-right is-stacked-on-mobile is-vertically-aligned-center\" style=\"grid-template-columns:auto 40%\"><div class=\"wp-block-media-text__content\">\n<h2 class=\"wp-block-heading\">Ayuda al cuerpo en:<\/h2>\n\n\n\n<p>Es una fuente rica en vitaminas y \u00e1cidos grasos Omega 3, que son imprescindibles para <strong>mantener la buena salud<\/strong> y reducir los s\u00edntomas de <strong>rigidez y dolores en las articulaciones<\/strong> provocados por enfermedades como <strong>artritis y artrosis.<\/strong> Tambi\u00e9n aporta beneficios sobre los huesos y los dientes, la vista, <strong>el colesterol<\/strong> y la <strong>circulaci\u00f3n<\/strong>.<\/p>\n<\/div><figure class=\"wp-block-media-text__media\"><img loading=\"lazy\" decoding=\"async\" width=\"400\" height=\"399\" src=\"http:\/\/www.ccmedicals.com.ar\/shop\/wp-content\/uploads\/2021\/11\/corazon-rodilla.png\" alt=\"\" class=\"wp-image-4008 size-medium\" srcset=\"https:\/\/www.ccmedicals.com.ar\/shop\/wp-content\/uploads\/2021\/11\/corazon-rodilla.png 400w, https:\/\/www.ccmedicals.com.ar\/shop\/wp-content\/uploads\/2021\/11\/corazon-rodilla-300x300.png 300w, https:\/\/www.ccmedicals.com.ar\/shop\/wp-content\/uploads\/2021\/11\/corazon-rodilla-150x150.png 150w, https:\/\/www.ccmedicals.com.ar\/shop\/wp-content\/uploads\/2021\/11\/corazon-rodilla-100x100.png 100w\" sizes=\"auto, (max-width: 400px) 100vw, 400px\" \/><\/figure><\/div>\n<\/div><\/div>\n\n\n\n<div class=\"wp-block-group alignfull has-white-background-color has-background is-layout-flow wp-block-group-is-layout-flow\"><div class=\"wp-block-group__inner-container\">\n<div class=\"wp-block-columns are-vertically-aligned-center is-layout-flex wp-container-core-columns-is-layout-9d6595d7 wp-block-columns-is-layout-flex\">\n<div class=\"wp-block-column is-vertically-aligned-center is-layout-flow wp-block-column-is-layout-flow\">\n<div class=\"wp-block-group has-ast-global-color-6-background-color has-background is-layout-flow wp-block-group-is-layout-flow\"><div class=\"wp-block-group__inner-container\">\n<figure class=\"wp-block-image aligncenter size-full is-style-default\"><img loading=\"lazy\" decoding=\"async\" width=\"1024\" height=\"768\" src=\"http:\/\/www.ccmedicals.com.ar\/shop\/wp-content\/uploads\/2021\/11\/p7Y-QEk-kvladimirv-93979484_m-1024x768-1.jpg\" alt=\"\" class=\"wp-image-4003\" srcset=\"https:\/\/www.ccmedicals.com.ar\/shop\/wp-content\/uploads\/2021\/11\/p7Y-QEk-kvladimirv-93979484_m-1024x768-1.jpg 1024w, https:\/\/www.ccmedicals.com.ar\/shop\/wp-content\/uploads\/2021\/11\/p7Y-QEk-kvladimirv-93979484_m-1024x768-1-300x225.jpg 300w, https:\/\/www.ccmedicals.com.ar\/shop\/wp-content\/uploads\/2021\/11\/p7Y-QEk-kvladimirv-93979484_m-1024x768-1-768x576.jpg 768w, https:\/\/www.ccmedicals.com.ar\/shop\/wp-content\/uploads\/2021\/11\/p7Y-QEk-kvladimirv-93979484_m-1024x768-1-600x450.jpg 600w\" sizes=\"auto, (max-width: 1024px) 100vw, 1024px\" \/><\/figure>\n<\/div><\/div>\n<\/div>\n\n\n\n<div class=\"wp-block-column is-vertically-aligned-center is-layout-flow wp-block-column-is-layout-flow\">\n<div class=\"wp-block-group alignwide is-layout-flow wp-block-group-is-layout-flow\"><div class=\"wp-block-group__inner-container\">\n<div class=\"wp-block-media-text alignwide is-stacked-on-mobile is-vertically-aligned-center\" style=\"grid-template-columns:24% auto\"><figure class=\"wp-block-media-text__media\"><img loading=\"lazy\" decoding=\"async\" width=\"500\" height=\"269\" src=\"http:\/\/www.ccmedicals.com.ar\/shop\/wp-content\/uploads\/2021\/11\/D_NQ_NP_712601-MLA31587805069_072019-O.webp\" alt=\"\" class=\"wp-image-4005 size-full\" srcset=\"https:\/\/www.ccmedicals.com.ar\/shop\/wp-content\/uploads\/2021\/11\/D_NQ_NP_712601-MLA31587805069_072019-O.webp 500w, https:\/\/www.ccmedicals.com.ar\/shop\/wp-content\/uploads\/2021\/11\/D_NQ_NP_712601-MLA31587805069_072019-O-300x161.webp 300w\" sizes=\"auto, (max-width: 500px) 100vw, 500px\" \/><\/figure><div class=\"wp-block-media-text__content\">\n<h3 class=\"wp-block-heading\">Producto Certificado<\/h3>\n\n\n\n<p>Desarrollado por Laboratorios Lysi<\/p>\n<\/div><\/div>\n\n\n\n<p><\/p>\n\n\n\n<h2 class=\"wp-block-heading\">Informaci\u00f3n nutricional:<\/h2>\n\n\n\n<figure class=\"wp-block-image size-large is-style-default\"><img loading=\"lazy\" decoding=\"async\" width=\"75\" height=\"33\" src=\"http:\/\/www.ccmedicals.com.ar\/shop\/wp-content\/uploads\/2019\/07\/logo-leaf-new.png\" alt=\"\" class=\"wp-image-2518\"\/><\/figure>\n\n\n\n<div class=\"wp-block-columns is-layout-flex wp-container-core-columns-is-layout-9d6595d7 wp-block-columns-is-layout-flex\">\n<div class=\"wp-block-column is-vertically-aligned-top is-layout-flow wp-block-column-is-layout-flow\">\n<ul class=\"wp-block-list\">\n<li>Energ\u00eda 340 kJ\/81 kcal<\/li>\n\n\n\n<li>Grasa 9,2 g<\/li>\n\n\n\n<li>\u00c1cidos grasos saturados 1,6 g<\/li>\n\n\n\n<li>\u00c1cidos grasos monoinsaturados 4,6 g<\/li>\n\n\n\n<li>\u00c1cidos grasos poliinsaturados 3,0 g<\/li>\n<\/ul>\n<\/div>\n\n\n\n<div class=\"wp-block-column is-layout-flow wp-block-column-is-layout-flow\">\n<ul class=\"wp-block-list\">\n<li>\u00c1cidos grasos Omega 3 &#8211; 2162 mg<\/li>\n\n\n\n<li>EPA 690 mg<\/li>\n\n\n\n<li>DHA 920 mg<\/li>\n\n\n\n<li>Vitamina A 460\u00a0\u00b5g<\/li>\n\n\n\n<li>Vitamina D 9,2\u00a0\u00b5g<\/li>\n\n\n\n<li>Vitamina E 9,2 mg<\/li>\n<\/ul>\n<\/div>\n<\/div>\n\n\n\n<div class=\"wp-block-buttons is-layout-flex wp-block-buttons-is-layout-flex\">\n<div class=\"wp-block-button\"><a class=\"wp-block-button__link wp-element-button\" href=\"https:\/\/www.ccmedicals.com.ar\/shop\/producto\/aceite-de-higado-de-bacalao\/\">Comprar<\/a><\/div>\n<\/div>\n<\/div><\/div>\n<\/div>\n<\/div>\n<\/div><\/div>\n\n\n\n<p><\/p>\n","protected":false},"excerpt":{"rendered":"<p>Poderosa fuente de Omega 3 y vitaminas Es un aceite natural rico en vitaminas A, D y E, que se extrae de los h\u00edgados frescos del bacalao, pescados en los mares fr\u00edos y profundos de Escandinavia, libre de metales pesados. El mejor y mas puro aceite de h\u00edgado de bacalao del mundo se produce en &hellip;<\/p>\n<p class=\"read-more\"> <a class=\"\" href=\"https:\/\/www.ccmedicals.com.ar\/shop\/about\/\"> <span class=\"screen-reader-text\">Informaci\u00f3n del Producto<\/span> Leer m\u00e1s &raquo;<\/a><\/p>\n","protected":false},"author":1,"featured_media":0,"parent":0,"menu_order":0,"comment_status":"closed","ping_status":"closed","template":"","meta":{"site-sidebar-layout":"no-sidebar","site-content-layout":"plain-container","ast-main-header-display":"","ast-hfb-above-header-display":"","ast-hfb-below-header-display":"","ast-hfb-mobile-header-display":"","site-post-title":"disabled","ast-breadcrumbs-content":"","ast-featured-img":"disabled","footer-sml-layout":"","theme-transparent-header-meta":"default","adv-header-id-meta":"","stick-header-meta":"","header-above-stick-meta":"","header-main-stick-meta":"","header-below-stick-meta":"","_joinchat":[],"footnotes":""},"class_list":["post-3612","page","type-page","status-publish","hentry"],"uagb_featured_image_src":{"full":false,"thumbnail":false,"medium":false,"medium_large":false,"large":false,"1536x1536":false,"2048x2048":false,"woocommerce_thumbnail":false,"woocommerce_single":false,"woocommerce_gallery_thumbnail":false},"uagb_author_info":{"display_name":"admin","author_link":"https:\/\/www.ccmedicals.com.ar\/shop\/author\/admin\/"},"uagb_comment_info":0,"uagb_excerpt":"Poderosa fuente de Omega 3 y vitaminas Es un aceite natural rico en vitaminas A, D y E, que se extrae de los h\u00edgados frescos del bacalao, pescados en los mares fr\u00edos y profundos de Escandinavia, libre de metales pesados. El mejor y mas puro aceite de h\u00edgado de bacalao del mundo se produce en&hellip;","_links":{"self":[{"href":"https:\/\/www.ccmedicals.com.ar\/shop\/wp-json\/wp\/v2\/pages\/3612","targetHints":{"allow":["GET"]}}],"collection":[{"href":"https:\/\/www.ccmedicals.com.ar\/shop\/wp-json\/wp\/v2\/pages"}],"about":[{"href":"https:\/\/www.ccmedicals.com.ar\/shop\/wp-json\/wp\/v2\/types\/page"}],"author":[{"embeddable":true,"href":"https:\/\/www.ccmedicals.com.ar\/shop\/wp-json\/wp\/v2\/users\/1"}],"replies":[{"embeddable":true,"href":"https:\/\/www.ccmedicals.com.ar\/shop\/wp-json\/wp\/v2\/comments?post=3612"}],"version-history":[{"count":12,"href":"https:\/\/www.ccmedicals.com.ar\/shop\/wp-json\/wp\/v2\/pages\/3612\/revisions"}],"predecessor-version":[{"id":4187,"href":"https:\/\/www.ccmedicals.com.ar\/shop\/wp-json\/wp\/v2\/pages\/3612\/revisions\/4187"}],"wp:attachment":[{"href":"https:\/\/www.ccmedicals.com.ar\/shop\/wp-json\/wp\/v2\/media?parent=3612"}],"curies":[{"name":"wp","href":"https:\/\/api.w.org\/{rel}","templated":true}]}}