{"id":4050,"date":"2021-12-29T10:39:59","date_gmt":"2021-12-29T13:39:59","guid":{"rendered":"https:\/\/www.ccmedicals.com.ar\/shop\/?post_type=product&#038;p=4050"},"modified":"2025-10-20T12:36:49","modified_gmt":"2025-10-20T15:36:49","slug":"aceite-de-higado-de-bacalao-pack-x-6-unidades","status":"publish","type":"product","link":"https:\/\/www.ccmedicals.com.ar\/shop\/producto\/aceite-de-higado-de-bacalao-pack-x-6-unidades\/","title":{"rendered":"Aceite de H\u00edgado de Bacalao (Pack x 6 unidades)"},"content":{"rendered":"<p><strong>ENVIO BONIFICADO DENTRO DEL AMBA<\/strong><\/p>\n<p>Es un aceite natural rico en vitaminas A, D y E, que se extrae de los h\u00edgados frescos del bacalao, pescados en los mares fr\u00edos y profundos de Escandinavia, libre de metales pesados. El mejor y mas puro aceite de h\u00edgado de bacalao del mundo se produce en Islandia, pa\u00eds donde naci\u00f3 el laboratorio Lysi.<\/p>\n<p>Es una fuente rica en vitaminas y \u00e1cidos grasos Omega 3, que son imprescindibles para mantener la buena salud y reducir los s\u00edntomas de rigidez y dolores en las articulaciones provocados por enfermedades como artritis y artrosis. Tambi\u00e9n aporta beneficios sobre los huesos y los dientes, la vista, el colesterol y la circulaci\u00f3n.<\/p>\n<p>Ingestas peri\u00f3dicas de este aceite ayudan de manera notable\u00a0a reducir el colesterol y los s\u00edntomas de dolor articular.<\/p>\n<p>Como tomarlo: 1 cucharada sopera, seguido de un vaso de leche, que ayudar\u00e1 a la emulsi\u00f3n y r\u00e1pida asimilaci\u00f3n del producto.<\/p>\n<p>Sabor: Lim\u00f3n.<br \/>\nInfo Nutricional (cada 10 ml = 1 cucharada sopera):<br \/>\nEnergy 340 kJ\/81 kcal<br \/>\nFat 9,2 g<br \/>\nSaturated fatty acids 1,6 g<br \/>\nMonounsaturated fatty acids 4,6 g<br \/>\nPolyunsaturated fatty acids 3,0 g<br \/>\nThereof omega-3 fatty acids 2162 mg<br \/>\nEPA 690 mg<br \/>\nDHA 920 mg<br \/>\nVitamin A 460\u00a0\u00b5g<br \/>\nVitamin D 9,2\u00a0\u00b5g<br \/>\nVitamin E 9,2 mg<\/p>\n<p>Presentaci\u00f3n frasco: <b>300ML \/ 276GR<\/b><\/p>\n","protected":false},"excerpt":{"rendered":"<p>ENVIO BONIFICADO DENTRO DEL AMBA Es un aceite natural rico en vitaminas A, D y E, que se extrae de los h\u00edgados frescos del bacalao, pescados en los mares fr\u00edos y profundos de Escandinavia, libre de metales pesados. El mejor y mas puro aceite de h\u00edgado de bacalao del mundo se produce en Islandia, pa\u00eds &hellip;<\/p>\n<p class=\"read-more\"> <a class=\"\" href=\"https:\/\/www.ccmedicals.com.ar\/shop\/producto\/aceite-de-higado-de-bacalao-pack-x-6-unidades\/\"> <span class=\"screen-reader-text\">Aceite de H\u00edgado de Bacalao (Pack x 6 unidades)<\/span> Leer m\u00e1s &raquo;<\/a><\/p>\n","protected":false},"featured_media":4029,"comment_status":"open","ping_status":"closed","template":"","meta":{"site-sidebar-layout":"default","site-content-layout":"default","ast-main-header-display":"","ast-hfb-above-header-display":"","ast-hfb-below-header-display":"","ast-hfb-mobile-header-display":"","site-post-title":"","ast-breadcrumbs-content":"","ast-featured-img":"","footer-sml-layout":"","theme-transparent-header-meta":"default","adv-header-id-meta":"","stick-header-meta":"","header-above-stick-meta":"","header-main-stick-meta":"","header-below-stick-meta":"","_joinchat":[]},"product_cat":[23],"product_tag":[],"class_list":{"0":"post-4050","1":"product","2":"type-product","3":"status-publish","4":"has-post-thumbnail","6":"product_cat-suplementos","8":"first","9":"instock","10":"shipping-taxable","11":"purchasable","12":"product-type-simple"},"_links":{"self":[{"href":"https:\/\/www.ccmedicals.com.ar\/shop\/wp-json\/wp\/v2\/product\/4050","targetHints":{"allow":["GET"]}}],"collection":[{"href":"https:\/\/www.ccmedicals.com.ar\/shop\/wp-json\/wp\/v2\/product"}],"about":[{"href":"https:\/\/www.ccmedicals.com.ar\/shop\/wp-json\/wp\/v2\/types\/product"}],"replies":[{"embeddable":true,"href":"https:\/\/www.ccmedicals.com.ar\/shop\/wp-json\/wp\/v2\/comments?post=4050"}],"wp:featuredmedia":[{"embeddable":true,"href":"https:\/\/www.ccmedicals.com.ar\/shop\/wp-json\/wp\/v2\/media\/4029"}],"wp:attachment":[{"href":"https:\/\/www.ccmedicals.com.ar\/shop\/wp-json\/wp\/v2\/media?parent=4050"}],"wp:term":[{"taxonomy":"product_cat","embeddable":true,"href":"https:\/\/www.ccmedicals.com.ar\/shop\/wp-json\/wp\/v2\/product_cat?post=4050"},{"taxonomy":"product_tag","embeddable":true,"href":"https:\/\/www.ccmedicals.com.ar\/shop\/wp-json\/wp\/v2\/product_tag?post=4050"}],"curies":[{"name":"wp","href":"https:\/\/api.w.org\/{rel}","templated":true}]}}